{"id":691,"date":"2024-05-10T08:48:54","date_gmt":"2024-05-10T08:48:54","guid":{"rendered":"https:\/\/mullu.tv\/?page_id=691"},"modified":"2024-12-05T11:53:04","modified_gmt":"2024-12-05T11:53:04","slug":"contacto","status":"publish","type":"page","link":"https:\/\/mullu.tv\/en\/contacto\/","title":{"rendered":"Contact"},"content":{"rendered":"<div data-elementor-type=\"wp-page\" data-elementor-id=\"691\" class=\"elementor elementor-691\" data-elementor-post-type=\"page\">\n\t\t\t\t<div data-particle_enable=\"false\" data-particle-mobile-disabled=\"false\" class=\"elementor-element elementor-element-bfa77b4 e-con-full e-flex e-con e-parent\" data-id=\"bfa77b4\" data-element_type=\"container\" data-e-type=\"container\" data-settings=\"{&quot;background_background&quot;:&quot;classic&quot;}\">\n\t\t\t\t<div class=\"elementor-element elementor-element-4a99421 elementor-widget elementor-widget-heading\" data-id=\"4a99421\" data-element_type=\"widget\" data-e-type=\"widget\" data-widget_type=\"heading.default\">\n\t\t\t\t<div class=\"elementor-widget-container\">\n\t\t\t\t\t<h2 class=\"elementor-heading-title elementor-size-default\">Contact<\/h2>\t\t\t\t<\/div>\n\t\t\t\t<\/div>\n\t\t\t\t<\/div>\n\t\t<div data-particle_enable=\"false\" data-particle-mobile-disabled=\"false\" class=\"elementor-element elementor-element-e9ed42e e-flex e-con-boxed e-con e-parent\" data-id=\"e9ed42e\" data-element_type=\"container\" data-e-type=\"container\" data-settings=\"{&quot;background_background&quot;:&quot;classic&quot;}\">\n\t\t\t\t\t<div class=\"e-con-inner\">\n\t\t<div data-particle_enable=\"false\" data-particle-mobile-disabled=\"false\" class=\"elementor-element elementor-element-6e8d3d0 e-flex e-con-boxed e-con e-child\" data-id=\"6e8d3d0\" data-element_type=\"container\" data-e-type=\"container\">\n\t\t\t\t\t<div class=\"e-con-inner\">\n\t\t\t\t<div class=\"elementor-element elementor-element-892c281 elementor-widget elementor-widget-toggle\" data-id=\"892c281\" data-element_type=\"widget\" data-e-type=\"widget\" data-widget_type=\"toggle.default\">\n\t\t\t\t<div class=\"elementor-widget-container\">\n\t\t\t\t\t\t\t<div class=\"elementor-toggle\">\n\t\t\t\t\t\t\t<div class=\"elementor-toggle-item\">\n\t\t\t\t\t<div id=\"elementor-tab-title-1431\" class=\"elementor-tab-title\" data-tab=\"1\" role=\"button\" aria-controls=\"elementor-tab-content-1431\" aria-expanded=\"false\">\n\t\t\t\t\t\t\t\t\t\t\t\t<span class=\"elementor-toggle-icon elementor-toggle-icon-left\" aria-hidden=\"true\">\n\t\t\t\t\t\t\t\t\t\t\t\t\t\t\t<span class=\"elementor-toggle-icon-closed\"><svg class=\"e-font-icon-svg e-fas-caret-right\" viewbox=\"0 0 192 512\" xmlns=\"http:\/\/www.w3.org\/2000\/svg\"><path d=\"M0 384.662V127.338c0-17.818 21.543-26.741 34.142-14.142l128.662 128.662c7.81 7.81 7.81 20.474 0 28.284L34.142 398.804C21.543 411.404 0 402.48 0 384.662z\"><\/path><\/svg><\/span>\n\t\t\t\t\t\t\t\t<span class=\"elementor-toggle-icon-opened\"><svg class=\"elementor-toggle-icon-opened e-font-icon-svg e-fas-caret-up\" viewbox=\"0 0 320 512\" xmlns=\"http:\/\/www.w3.org\/2000\/svg\"><path d=\"M288.662 352H31.338c-17.818 0-26.741-21.543-14.142-34.142l128.662-128.662c7.81-7.81 20.474-7.81 28.284 0l128.662 128.662c12.6 12.599 3.676 34.142-14.142 34.142z\"><\/path><\/svg><\/span>\n\t\t\t\t\t\t\t\t\t\t\t\t\t<\/span>\n\t\t\t\t\t\t\t\t\t\t\t\t<a class=\"elementor-toggle-title\" tabindex=\"0\">Quiero exhibir mi contenido: pel\u00edcula, cortometraje, videoclip, video arte. \u00bfC\u00f3mo puedo ponerme en contacto?<\/a>\n\t\t\t\t\t<\/div>\n\n\t\t\t\t\t<div id=\"elementor-tab-content-1431\" class=\"elementor-tab-content elementor-clearfix\" data-tab=\"1\" role=\"region\" aria-labelledby=\"elementor-tab-title-1431\"><p>Puedes ponerte en contacto con nosotrxs a trav\u00e9s de <a href=\"mailto:info@mullu.tv\">info@mullu.tv<\/a> y te responderemos lo m\u00e1s pronto posible.<\/p><\/div>\n\t\t\t\t<\/div>\n\t\t\t\t\t\t\t<div class=\"elementor-toggle-item\">\n\t\t\t\t\t<div id=\"elementor-tab-title-1432\" class=\"elementor-tab-title\" data-tab=\"2\" role=\"button\" aria-controls=\"elementor-tab-content-1432\" aria-expanded=\"false\">\n\t\t\t\t\t\t\t\t\t\t\t\t<span class=\"elementor-toggle-icon elementor-toggle-icon-left\" aria-hidden=\"true\">\n\t\t\t\t\t\t\t\t\t\t\t\t\t\t\t<span class=\"elementor-toggle-icon-closed\"><svg class=\"e-font-icon-svg e-fas-caret-right\" viewbox=\"0 0 192 512\" xmlns=\"http:\/\/www.w3.org\/2000\/svg\"><path d=\"M0 384.662V127.338c0-17.818 21.543-26.741 34.142-14.142l128.662 128.662c7.81 7.81 7.81 20.474 0 28.284L34.142 398.804C21.543 411.404 0 402.48 0 384.662z\"><\/path><\/svg><\/span>\n\t\t\t\t\t\t\t\t<span class=\"elementor-toggle-icon-opened\"><svg class=\"elementor-toggle-icon-opened e-font-icon-svg e-fas-caret-up\" viewbox=\"0 0 320 512\" xmlns=\"http:\/\/www.w3.org\/2000\/svg\"><path d=\"M288.662 352H31.338c-17.818 0-26.741-21.543-14.142-34.142l128.662-128.662c7.81-7.81 20.474-7.81 28.284 0l128.662 128.662c12.6 12.599 3.676 34.142-14.142 34.142z\"><\/path><\/svg><\/span>\n\t\t\t\t\t\t\t\t\t\t\t\t\t<\/span>\n\t\t\t\t\t\t\t\t\t\t\t\t<a class=\"elementor-toggle-title\" tabindex=\"0\">Quiero compartir una noticia de mi comunidad en las redes sociales de MULLU. \u00bfC\u00f3mo me pongo en contacto?<\/a>\n\t\t\t\t\t<\/div>\n\n\t\t\t\t\t<div id=\"elementor-tab-content-1432\" class=\"elementor-tab-content elementor-clearfix\" data-tab=\"2\" role=\"region\" aria-labelledby=\"elementor-tab-title-1432\"><p><span style=\"font-weight: 400;\">Puedes escribirnos a<\/span> <a href=\"mailto:primeralinea@mullu.tv\"><span style=\"font-weight: 400;\">primeralinea@mullu.tv<\/span><\/a><span style=\"font-weight: 400;\"> y te responderemos lo m\u00e1s pronto posible para amplificar tu causa. <\/span><\/p><\/div>\n\t\t\t\t<\/div>\n\t\t\t\t\t\t\t\t<\/div>\n\t\t\t\t\t\t<\/div>\n\t\t\t\t<\/div>\n\t\t\t\t\t<\/div>\n\t\t\t\t<\/div>\n\t\t<div data-particle_enable=\"false\" data-particle-mobile-disabled=\"false\" class=\"elementor-element elementor-element-637774b e-flex e-con-boxed e-con e-child\" data-id=\"637774b\" data-element_type=\"container\" data-e-type=\"container\" data-settings=\"{&quot;background_background&quot;:&quot;classic&quot;}\">\n\t\t\t\t\t<div class=\"e-con-inner\">\n\t\t\t\t<div class=\"elementor-element elementor-element-e6df1b5 elementor-widget elementor-widget-image\" data-id=\"e6df1b5\" data-element_type=\"widget\" data-e-type=\"widget\" data-widget_type=\"image.default\">\n\t\t\t\t<div class=\"elementor-widget-container\">\n\t\t\t\t\t\t\t\t\t\t\t\t\t\t\t<img fetchpriority=\"high\" decoding=\"async\" width=\"800\" height=\"448\" src=\"https:\/\/mullu.tv\/wp-content\/uploads\/2024\/05\/Foto-3-1024x574.png\" class=\"attachment-large size-large wp-image-942\" alt=\"\" srcset=\"https:\/\/mullu.tv\/wp-content\/uploads\/2024\/05\/Foto-3-1024x574.png 1024w, https:\/\/mullu.tv\/wp-content\/uploads\/2024\/05\/Foto-3-300x168.png 300w, https:\/\/mullu.tv\/wp-content\/uploads\/2024\/05\/Foto-3-768x431.png 768w, https:\/\/mullu.tv\/wp-content\/uploads\/2024\/05\/Foto-3-1536x861.png 1536w, https:\/\/mullu.tv\/wp-content\/uploads\/2024\/05\/Foto-3-2048x1148.png 2048w\" sizes=\"(max-width: 800px) 100vw, 800px\" \/>\t\t\t\t\t\t\t\t\t\t\t\t\t\t\t<\/div>\n\t\t\t\t<\/div>\n\t\t\t\t\t<\/div>\n\t\t\t\t<\/div>\n\t\t\t\t\t<\/div>\n\t\t\t\t<\/div>\n\t\t\t\t<\/div>","protected":false},"excerpt":{"rendered":"<p>Contacto Quiero exhibir mi contenido: pel\u00edcula, cortometraje, videoclip, video arte. \u00bfC\u00f3mo puedo ponerme en contacto? Puedes ponerte en contacto con nosotrxs a trav\u00e9s de info@mullu.tv y te responderemos lo m\u00e1s pronto posible. Quiero compartir una noticia de mi comunidad en las redes sociales de MULLU. \u00bfC\u00f3mo me pongo en contacto? Puedes escribirnos a primeralinea@mullu.tv y [&hellip;]<\/p>\n","protected":false},"author":1,"featured_media":0,"parent":0,"menu_order":0,"comment_status":"closed","ping_status":"closed","template":"elementor_header_footer","meta":{"_acf_changed":false,"footnotes":""},"class_list":["post-691","page","type-page","status-publish","hentry"],"acf":[],"yoast_head":"<!-- This site is optimized with the Yoast SEO plugin v27.3 - https:\/\/yoast.com\/product\/yoast-seo-wordpress\/ -->\n<title>Contacto - MULLU TV<\/title>\n<meta name=\"robots\" content=\"index, follow, max-snippet:-1, max-image-preview:large, max-video-preview:-1\" \/>\n<link rel=\"canonical\" href=\"https:\/\/mullu.tv\/en\/contacto\/\" \/>\n<meta property=\"og:locale\" content=\"en_US\" \/>\n<meta property=\"og:type\" content=\"article\" \/>\n<meta property=\"og:title\" content=\"Contacto - MULLU TV\" \/>\n<meta property=\"og:description\" content=\"Contacto Quiero exhibir mi contenido: pel\u00edcula, cortometraje, videoclip, video arte. \u00bfC\u00f3mo puedo ponerme en contacto? Puedes ponerte en contacto con nosotrxs a trav\u00e9s de info@mullu.tv y te responderemos lo m\u00e1s pronto posible. Quiero compartir una noticia de mi comunidad en las redes sociales de MULLU. \u00bfC\u00f3mo me pongo en contacto? Puedes escribirnos a primeralinea@mullu.tv y [&hellip;]\" \/>\n<meta property=\"og:url\" content=\"https:\/\/mullu.tv\/en\/contacto\/\" \/>\n<meta property=\"og:site_name\" content=\"MULLU TV\" \/>\n<meta property=\"article:publisher\" content=\"https:\/\/www.facebook.com\/mullu.tv\" \/>\n<meta property=\"article:modified_time\" content=\"2024-12-05T11:53:04+00:00\" \/>\n<meta property=\"og:image\" content=\"https:\/\/mullu.tv\/wp-content\/uploads\/2024\/05\/Foto-3-1024x574.png\" \/>\n<meta name=\"twitter:card\" content=\"summary_large_image\" \/>\n<meta name=\"twitter:site\" content=\"@mullu_tv\" \/>\n<script type=\"application\/ld+json\" class=\"yoast-schema-graph\">{\"@context\":\"https:\\\/\\\/schema.org\",\"@graph\":[{\"@type\":\"WebPage\",\"@id\":\"https:\\\/\\\/mullu.tv\\\/contacto\\\/\",\"url\":\"https:\\\/\\\/mullu.tv\\\/contacto\\\/\",\"name\":\"Contacto - MULLU TV\",\"isPartOf\":{\"@id\":\"https:\\\/\\\/mullu.tv\\\/#website\"},\"primaryImageOfPage\":{\"@id\":\"https:\\\/\\\/mullu.tv\\\/contacto\\\/#primaryimage\"},\"image\":{\"@id\":\"https:\\\/\\\/mullu.tv\\\/contacto\\\/#primaryimage\"},\"thumbnailUrl\":\"https:\\\/\\\/mullu.tv\\\/wp-content\\\/uploads\\\/2024\\\/05\\\/Foto-3-1024x574.png\",\"datePublished\":\"2024-05-10T08:48:54+00:00\",\"dateModified\":\"2024-12-05T11:53:04+00:00\",\"breadcrumb\":{\"@id\":\"https:\\\/\\\/mullu.tv\\\/contacto\\\/#breadcrumb\"},\"inLanguage\":\"en-US\",\"potentialAction\":[{\"@type\":\"ReadAction\",\"target\":[\"https:\\\/\\\/mullu.tv\\\/contacto\\\/\"]}]},{\"@type\":\"ImageObject\",\"inLanguage\":\"en-US\",\"@id\":\"https:\\\/\\\/mullu.tv\\\/contacto\\\/#primaryimage\",\"url\":\"https:\\\/\\\/mullu.tv\\\/wp-content\\\/uploads\\\/2024\\\/05\\\/Foto-3-1024x574.png\",\"contentUrl\":\"https:\\\/\\\/mullu.tv\\\/wp-content\\\/uploads\\\/2024\\\/05\\\/Foto-3-1024x574.png\"},{\"@type\":\"BreadcrumbList\",\"@id\":\"https:\\\/\\\/mullu.tv\\\/contacto\\\/#breadcrumb\",\"itemListElement\":[{\"@type\":\"ListItem\",\"position\":1,\"name\":\"Portada\",\"item\":\"https:\\\/\\\/mullu.tv\\\/\"},{\"@type\":\"ListItem\",\"position\":2,\"name\":\"Contacto\"}]},{\"@type\":\"WebSite\",\"@id\":\"https:\\\/\\\/mullu.tv\\\/#website\",\"url\":\"https:\\\/\\\/mullu.tv\\\/\",\"name\":\"MULLU TV\",\"description\":\"\",\"publisher\":{\"@id\":\"https:\\\/\\\/mullu.tv\\\/#organization\"},\"potentialAction\":[{\"@type\":\"SearchAction\",\"target\":{\"@type\":\"EntryPoint\",\"urlTemplate\":\"https:\\\/\\\/mullu.tv\\\/?s={search_term_string}\"},\"query-input\":{\"@type\":\"PropertyValueSpecification\",\"valueRequired\":true,\"valueName\":\"search_term_string\"}}],\"inLanguage\":\"en-US\"},{\"@type\":\"Organization\",\"@id\":\"https:\\\/\\\/mullu.tv\\\/#organization\",\"name\":\"MULLU TV\",\"url\":\"https:\\\/\\\/mullu.tv\\\/\",\"logo\":{\"@type\":\"ImageObject\",\"inLanguage\":\"en-US\",\"@id\":\"https:\\\/\\\/mullu.tv\\\/#\\\/schema\\\/logo\\\/image\\\/\",\"url\":\"https:\\\/\\\/mullu.tv\\\/wp-content\\\/uploads\\\/2024\\\/06\\\/MulluLogo-Negro.png\",\"contentUrl\":\"https:\\\/\\\/mullu.tv\\\/wp-content\\\/uploads\\\/2024\\\/06\\\/MulluLogo-Negro.png\",\"width\":620,\"height\":175,\"caption\":\"MULLU TV\"},\"image\":{\"@id\":\"https:\\\/\\\/mullu.tv\\\/#\\\/schema\\\/logo\\\/image\\\/\"},\"sameAs\":[\"https:\\\/\\\/www.facebook.com\\\/mullu.tv\",\"https:\\\/\\\/x.com\\\/mullu_tv\",\"https:\\\/\\\/www.instagram.com\\\/mullu.tv\\\/?igsh=MWltOTR3eTNzaGZyNw\",\"https:\\\/\\\/www.youtube.com\\\/@mullu_tv\",\"https:\\\/\\\/www.tiktok.com\\\/@mullu.tv?_t=8mE6289awk9&_r=1\"]}]}<\/script>\n<!-- \/ Yoast SEO plugin. -->","yoast_head_json":{"title":"Contacto - MULLU TV","robots":{"index":"index","follow":"follow","max-snippet":"max-snippet:-1","max-image-preview":"max-image-preview:large","max-video-preview":"max-video-preview:-1"},"canonical":"https:\/\/mullu.tv\/en\/contacto\/","og_locale":"en_US","og_type":"article","og_title":"Contacto - MULLU TV","og_description":"Contacto Quiero exhibir mi contenido: pel\u00edcula, cortometraje, videoclip, video arte. \u00bfC\u00f3mo puedo ponerme en contacto? Puedes ponerte en contacto con nosotrxs a trav\u00e9s de info@mullu.tv y te responderemos lo m\u00e1s pronto posible. Quiero compartir una noticia de mi comunidad en las redes sociales de MULLU. \u00bfC\u00f3mo me pongo en contacto? Puedes escribirnos a primeralinea@mullu.tv y [&hellip;]","og_url":"https:\/\/mullu.tv\/en\/contacto\/","og_site_name":"MULLU TV","article_publisher":"https:\/\/www.facebook.com\/mullu.tv","article_modified_time":"2024-12-05T11:53:04+00:00","og_image":[{"url":"https:\/\/mullu.tv\/wp-content\/uploads\/2024\/05\/Foto-3-1024x574.png","type":"","width":"","height":""}],"twitter_card":"summary_large_image","twitter_site":"@mullu_tv","schema":{"@context":"https:\/\/schema.org","@graph":[{"@type":"WebPage","@id":"https:\/\/mullu.tv\/contacto\/","url":"https:\/\/mullu.tv\/contacto\/","name":"Contacto - MULLU TV","isPartOf":{"@id":"https:\/\/mullu.tv\/#website"},"primaryImageOfPage":{"@id":"https:\/\/mullu.tv\/contacto\/#primaryimage"},"image":{"@id":"https:\/\/mullu.tv\/contacto\/#primaryimage"},"thumbnailUrl":"https:\/\/mullu.tv\/wp-content\/uploads\/2024\/05\/Foto-3-1024x574.png","datePublished":"2024-05-10T08:48:54+00:00","dateModified":"2024-12-05T11:53:04+00:00","breadcrumb":{"@id":"https:\/\/mullu.tv\/contacto\/#breadcrumb"},"inLanguage":"en-US","potentialAction":[{"@type":"ReadAction","target":["https:\/\/mullu.tv\/contacto\/"]}]},{"@type":"ImageObject","inLanguage":"en-US","@id":"https:\/\/mullu.tv\/contacto\/#primaryimage","url":"https:\/\/mullu.tv\/wp-content\/uploads\/2024\/05\/Foto-3-1024x574.png","contentUrl":"https:\/\/mullu.tv\/wp-content\/uploads\/2024\/05\/Foto-3-1024x574.png"},{"@type":"BreadcrumbList","@id":"https:\/\/mullu.tv\/contacto\/#breadcrumb","itemListElement":[{"@type":"ListItem","position":1,"name":"Portada","item":"https:\/\/mullu.tv\/"},{"@type":"ListItem","position":2,"name":"Contacto"}]},{"@type":"WebSite","@id":"https:\/\/mullu.tv\/#website","url":"https:\/\/mullu.tv\/","name":"MULLU TV","description":"","publisher":{"@id":"https:\/\/mullu.tv\/#organization"},"potentialAction":[{"@type":"SearchAction","target":{"@type":"EntryPoint","urlTemplate":"https:\/\/mullu.tv\/?s={search_term_string}"},"query-input":{"@type":"PropertyValueSpecification","valueRequired":true,"valueName":"search_term_string"}}],"inLanguage":"en-US"},{"@type":"Organization","@id":"https:\/\/mullu.tv\/#organization","name":"MULLU TV","url":"https:\/\/mullu.tv\/","logo":{"@type":"ImageObject","inLanguage":"en-US","@id":"https:\/\/mullu.tv\/#\/schema\/logo\/image\/","url":"https:\/\/mullu.tv\/wp-content\/uploads\/2024\/06\/MulluLogo-Negro.png","contentUrl":"https:\/\/mullu.tv\/wp-content\/uploads\/2024\/06\/MulluLogo-Negro.png","width":620,"height":175,"caption":"MULLU TV"},"image":{"@id":"https:\/\/mullu.tv\/#\/schema\/logo\/image\/"},"sameAs":["https:\/\/www.facebook.com\/mullu.tv","https:\/\/x.com\/mullu_tv","https:\/\/www.instagram.com\/mullu.tv\/?igsh=MWltOTR3eTNzaGZyNw","https:\/\/www.youtube.com\/@mullu_tv","https:\/\/www.tiktok.com\/@mullu.tv?_t=8mE6289awk9&_r=1"]}]}},"_links":{"self":[{"href":"https:\/\/mullu.tv\/en\/wp-json\/wp\/v2\/pages\/691","targetHints":{"allow":["GET"]}}],"collection":[{"href":"https:\/\/mullu.tv\/en\/wp-json\/wp\/v2\/pages"}],"about":[{"href":"https:\/\/mullu.tv\/en\/wp-json\/wp\/v2\/types\/page"}],"author":[{"embeddable":true,"href":"https:\/\/mullu.tv\/en\/wp-json\/wp\/v2\/users\/1"}],"replies":[{"embeddable":true,"href":"https:\/\/mullu.tv\/en\/wp-json\/wp\/v2\/comments?post=691"}],"version-history":[{"count":0,"href":"https:\/\/mullu.tv\/en\/wp-json\/wp\/v2\/pages\/691\/revisions"}],"wp:attachment":[{"href":"https:\/\/mullu.tv\/en\/wp-json\/wp\/v2\/media?parent=691"}],"curies":[{"name":"wp","href":"https:\/\/api.w.org\/{rel}","templated":true}]}}